{"id":95,"date":"2018-03-26T10:03:11","date_gmt":"2018-03-26T10:03:11","guid":{"rendered":"http:\/\/www.hodofoto.cz\/?page_id=95"},"modified":"2020-05-07T19:20:44","modified_gmt":"2020-05-07T19:20:44","slug":"fashion","status":"publish","type":"page","link":"https:\/\/www.hodofoto.cz\/index.php\/portfolio\/fashion\/","title":{"rendered":"Fashion"},"content":{"rendered":"\n<p class=\"has-text-align-center\">Chcete se c\u00edtit jako opravdov\u00e1 hv\u011bzda, kter\u00e1 fot\u00ed na titulku m\u00f3dn\u00edho \u010dasopisu? Zachyt\u00edm Va\u0161\u00ed kr\u00e1su a ojedin\u011blost, kterou m\u00e1 ka\u017ed\u00fd z n\u00e1s v sob\u011b.<\/p>\n\n\nngg_shortcode_0_placeholder\n<p>&nbsp;<\/p>","protected":false},"excerpt":{"rendered":"<p>Chcete se c\u00edtit jako opravdov\u00e1 hv\u011bzda, kter\u00e1 fot\u00ed na titulku m\u00f3dn\u00edho \u010dasopisu? Zachyt\u00edm Va\u0161\u00ed kr\u00e1su a ojedin\u011blost, kterou m\u00e1 ka\u017ed\u00fd z n\u00e1s v sob\u011b. &nbsp;<\/p>\n","protected":false},"author":1,"featured_media":0,"parent":50,"menu_order":0,"comment_status":"closed","ping_status":"closed","template":"page-templates\/page_fullwidth.php","meta":{"_exactmetrics_skip_tracking":false,"_exactmetrics_sitenote_active":false,"_exactmetrics_sitenote_note":"","_exactmetrics_sitenote_category":0,"ngg_post_thumbnail":0,"footnotes":""},"class_list":["post-95","page","type-page","status-publish","hentry"],"_links":{"self":[{"href":"https:\/\/www.hodofoto.cz\/index.php\/wp-json\/wp\/v2\/pages\/95","targetHints":{"allow":["GET"]}}],"collection":[{"href":"https:\/\/www.hodofoto.cz\/index.php\/wp-json\/wp\/v2\/pages"}],"about":[{"href":"https:\/\/www.hodofoto.cz\/index.php\/wp-json\/wp\/v2\/types\/page"}],"author":[{"embeddable":true,"href":"https:\/\/www.hodofoto.cz\/index.php\/wp-json\/wp\/v2\/users\/1"}],"replies":[{"embeddable":true,"href":"https:\/\/www.hodofoto.cz\/index.php\/wp-json\/wp\/v2\/comments?post=95"}],"version-history":[{"count":12,"href":"https:\/\/www.hodofoto.cz\/index.php\/wp-json\/wp\/v2\/pages\/95\/revisions"}],"predecessor-version":[{"id":2385,"href":"https:\/\/www.hodofoto.cz\/index.php\/wp-json\/wp\/v2\/pages\/95\/revisions\/2385"}],"up":[{"embeddable":true,"href":"https:\/\/www.hodofoto.cz\/index.php\/wp-json\/wp\/v2\/pages\/50"}],"wp:attachment":[{"href":"https:\/\/www.hodofoto.cz\/index.php\/wp-json\/wp\/v2\/media?parent=95"}],"curies":[{"name":"wp","href":"https:\/\/api.w.org\/{rel}","templated":true}]}}