{"id":913,"date":"2018-06-15T12:28:24","date_gmt":"2018-06-15T12:28:24","guid":{"rendered":"http:\/\/www.hodofoto.cz\/?page_id=913"},"modified":"2020-05-07T19:24:56","modified_gmt":"2020-05-07T19:24:56","slug":"vlastni-tvorba","status":"publish","type":"page","link":"https:\/\/www.hodofoto.cz\/index.php\/portfolio\/vlastni-tvorba\/","title":{"rendered":"Vlastn\u00ed tvorba \/ projekty a spolupr\u00e1ce"},"content":{"rendered":"\n<p class=\"has-text-align-center\">Pot\u0159ebujete vyfotografovat nemovitost, produkty, nebo firemn\u00ed ve\u010d\u00edrek? Nev\u00e1hejte mne kontaktovat a domluv\u00edme se individu\u00e1ln\u011b.<\/p>\n\n\nngg_shortcode_0_placeholder","protected":false},"excerpt":{"rendered":"<p>Pot\u0159ebujete vyfotografovat nemovitost, produkty, nebo firemn\u00ed ve\u010d\u00edrek? Nev\u00e1hejte mne kontaktovat a domluv\u00edme se individu\u00e1ln\u011b.<\/p>\n","protected":false},"author":1,"featured_media":0,"parent":50,"menu_order":0,"comment_status":"closed","ping_status":"closed","template":"page-templates\/page_fullwidth.php","meta":{"_exactmetrics_skip_tracking":false,"_exactmetrics_sitenote_active":false,"_exactmetrics_sitenote_note":"","_exactmetrics_sitenote_category":0,"ngg_post_thumbnail":0,"footnotes":""},"class_list":["post-913","page","type-page","status-publish","hentry"],"_links":{"self":[{"href":"https:\/\/www.hodofoto.cz\/index.php\/wp-json\/wp\/v2\/pages\/913","targetHints":{"allow":["GET"]}}],"collection":[{"href":"https:\/\/www.hodofoto.cz\/index.php\/wp-json\/wp\/v2\/pages"}],"about":[{"href":"https:\/\/www.hodofoto.cz\/index.php\/wp-json\/wp\/v2\/types\/page"}],"author":[{"embeddable":true,"href":"https:\/\/www.hodofoto.cz\/index.php\/wp-json\/wp\/v2\/users\/1"}],"replies":[{"embeddable":true,"href":"https:\/\/www.hodofoto.cz\/index.php\/wp-json\/wp\/v2\/comments?post=913"}],"version-history":[{"count":12,"href":"https:\/\/www.hodofoto.cz\/index.php\/wp-json\/wp\/v2\/pages\/913\/revisions"}],"predecessor-version":[{"id":2392,"href":"https:\/\/www.hodofoto.cz\/index.php\/wp-json\/wp\/v2\/pages\/913\/revisions\/2392"}],"up":[{"embeddable":true,"href":"https:\/\/www.hodofoto.cz\/index.php\/wp-json\/wp\/v2\/pages\/50"}],"wp:attachment":[{"href":"https:\/\/www.hodofoto.cz\/index.php\/wp-json\/wp\/v2\/media?parent=913"}],"curies":[{"name":"wp","href":"https:\/\/api.w.org\/{rel}","templated":true}]}}