{"id":91,"date":"2018-03-26T10:02:07","date_gmt":"2018-03-26T10:02:07","guid":{"rendered":"http:\/\/www.hodofoto.cz\/?page_id=91"},"modified":"2020-05-07T19:20:26","modified_gmt":"2020-05-07T19:20:26","slug":"akty","status":"publish","type":"page","link":"https:\/\/www.hodofoto.cz\/index.php\/portfolio\/akty\/","title":{"rendered":"Akty \/ glamour"},"content":{"rendered":"<p style=\"text-align: center;\">Nafot\u00edm Va\u0161i t\u011blesnou kr\u00e1su a vytvo\u0159\u00edm tak kolekci fotografi\u00ed, kter\u00e9 zachyt\u00ed nejkr\u00e1sn\u011bj\u0161\u00ed k\u0159ivky a tvary Va\u0161eho t\u011bla. &nbsp;Pohodov\u00e1 atmosf\u00e9ra fotografov\u00e1n\u00ed odbour\u00e1 &nbsp;V\u00e1\u0161 stud i obavy. Nemus\u00edte b\u00fdt modelka ani model, ka\u017ed\u00fd z n\u00e1s je kr\u00e1sn\u00fd a j\u00e1 V\u00e1s navedu do spr\u00e1vn\u00fdch p\u00f3z.<\/p>\nngg_shortcode_0_placeholder\n<p>&nbsp;<\/p>\n","protected":false},"excerpt":{"rendered":"<p>Nafot\u00edm Va\u0161i t\u011blesnou kr\u00e1su a vytvo\u0159\u00edm tak kolekci fotografi\u00ed, kter\u00e9 zachyt\u00ed nejkr\u00e1sn\u011bj\u0161\u00ed k\u0159ivky a tvary Va\u0161eho t\u011bla. &nbsp;Pohodov\u00e1 atmosf\u00e9ra fotografov\u00e1n\u00ed odbour\u00e1 &nbsp;V\u00e1\u0161 stud i obavy. Nemus\u00edte b\u00fdt modelka ani model, ka\u017ed\u00fd z n\u00e1s je kr\u00e1sn\u00fd<a class=\"read-more\" href=\"https:\/\/www.hodofoto.cz\/index.php\/portfolio\/akty\/\">Continue reading<\/a><\/p>\n","protected":false},"author":1,"featured_media":0,"parent":50,"menu_order":0,"comment_status":"closed","ping_status":"closed","template":"page-templates\/page_fullwidth.php","meta":{"_exactmetrics_skip_tracking":false,"_exactmetrics_sitenote_active":false,"_exactmetrics_sitenote_note":"","_exactmetrics_sitenote_category":0,"ngg_post_thumbnail":0,"footnotes":""},"class_list":["post-91","page","type-page","status-publish","hentry"],"_links":{"self":[{"href":"https:\/\/www.hodofoto.cz\/index.php\/wp-json\/wp\/v2\/pages\/91","targetHints":{"allow":["GET"]}}],"collection":[{"href":"https:\/\/www.hodofoto.cz\/index.php\/wp-json\/wp\/v2\/pages"}],"about":[{"href":"https:\/\/www.hodofoto.cz\/index.php\/wp-json\/wp\/v2\/types\/page"}],"author":[{"embeddable":true,"href":"https:\/\/www.hodofoto.cz\/index.php\/wp-json\/wp\/v2\/users\/1"}],"replies":[{"embeddable":true,"href":"https:\/\/www.hodofoto.cz\/index.php\/wp-json\/wp\/v2\/comments?post=91"}],"version-history":[{"count":25,"href":"https:\/\/www.hodofoto.cz\/index.php\/wp-json\/wp\/v2\/pages\/91\/revisions"}],"predecessor-version":[{"id":2384,"href":"https:\/\/www.hodofoto.cz\/index.php\/wp-json\/wp\/v2\/pages\/91\/revisions\/2384"}],"up":[{"embeddable":true,"href":"https:\/\/www.hodofoto.cz\/index.php\/wp-json\/wp\/v2\/pages\/50"}],"wp:attachment":[{"href":"https:\/\/www.hodofoto.cz\/index.php\/wp-json\/wp\/v2\/media?parent=91"}],"curies":[{"name":"wp","href":"https:\/\/api.w.org\/{rel}","templated":true}]}}