{"id":873,"date":"2018-05-08T09:43:11","date_gmt":"2018-05-08T09:43:11","guid":{"rendered":"http:\/\/www.hodofoto.cz\/?page_id=873"},"modified":"2020-05-07T19:22:14","modified_gmt":"2020-05-07T19:22:14","slug":"svatby","status":"publish","type":"page","link":"https:\/\/www.hodofoto.cz\/index.php\/portfolio\/svatby\/","title":{"rendered":"Svatby"},"content":{"rendered":"<p style=\"text-align: center;\"><strong>Zachyt\u00edm v\u00fdjime\u010dn\u00e9 okam\u017eiky z Va\u0161\u00ed stavby, na kter\u00e9 chcete vzpom\u00ednat. <\/strong><\/p>\n<p style=\"text-align: center;\">M\u00fdm c\u00edlem je pro V\u00e1s vytvo\u0159it fotografie pln\u00e9 emoc\u00ed, l\u00e1sky, \u0161t\u011bst\u00ed a momentek na kter\u00e9 chcete m\u00edt pam\u00e1tku.&nbsp;Nab\u00edz\u00edm profesion\u00e1ln\u00ed a individu\u00e1ln\u00ed p\u0159\u00edstup.&nbsp;<\/p>\n<p style=\"text-align: center;\">Nev\u00e1hejte m\u011b kontaktovat, \u0159ekn\u011bte mi jak\u00e9 jsou Va\u0161e p\u0159edstavy a ur\u010dit\u011b se domluv\u00edme.<span class=\"Apple-converted-space\">&nbsp;<\/span><\/p>\n<p>ngg_shortcode_0_placeholderM\u016f\u017eete m\u011b nez\u00e1vazn\u011b kontaktovat pomoc\u00ed formul\u00e1\u0159e:<\/p>\n<div class=\"wpforms-container wpforms-container-full\" id=\"wpforms-77\"><form id=\"wpforms-form-77\" class=\"wpforms-validate wpforms-form\" data-formid=\"77\" method=\"post\" enctype=\"multipart\/form-data\" action=\"\/index.php\/wp-json\/wp\/v2\/pages\/873\" data-token=\"e690bd52487a16b69957ab078838154d\" data-token-time=\"1777510850\"><noscript class=\"wpforms-error-noscript\">Chcete-li vyplnit tento formul\u00e1\u0159, pros\u00edm povolte v prohl\u00ed\u017ee\u010di JavaScript.<\/noscript><div class=\"wpforms-field-container\"><div id=\"wpforms-77-field_0-container\" class=\"wpforms-field wpforms-field-name\" data-field-id=\"0\"><label class=\"wpforms-field-label\" for=\"wpforms-77-field_0\">Jm\u00e9no <span class=\"wpforms-required-label\">*<\/span><\/label><input type=\"text\" id=\"wpforms-77-field_0\" class=\"wpforms-field-medium wpforms-field-required\" name=\"wpforms[fields][0]\" required><\/div><div id=\"wpforms-77-field_1-container\" class=\"wpforms-field wpforms-field-email\" data-field-id=\"1\"><label class=\"wpforms-field-label\" for=\"wpforms-77-field_1\">Email <span class=\"wpforms-required-label\">*<\/span><\/label><input type=\"email\" id=\"wpforms-77-field_1\" class=\"wpforms-field-medium wpforms-field-required\" name=\"wpforms[fields][1]\" placeholder=\"Zadejte v\u00e1\u0161 email\" spellcheck=\"false\" required><\/div><div id=\"wpforms-77-field_2-container\" class=\"wpforms-field wpforms-field-textarea\" data-field-id=\"2\"><label class=\"wpforms-field-label\" for=\"wpforms-77-field_2\">Zpr\u00e1va <span class=\"wpforms-required-label\">*<\/span><\/label><textarea id=\"wpforms-77-field_2\" class=\"wpforms-field-medium wpforms-field-required\" name=\"wpforms[fields][2]\" required><\/textarea><\/div><\/div><!-- .wpforms-field-container --><div class=\"wpforms-field wpforms-field-hp\"><label for=\"wpforms-77-field-hp\" class=\"wpforms-field-label\">Email<\/label><input type=\"text\" name=\"wpforms[hp]\" id=\"wpforms-77-field-hp\" class=\"wpforms-field-medium\"><\/div><div class=\"wpforms-submit-container\" ><input type=\"hidden\" name=\"wpforms[id]\" value=\"77\"><input type=\"hidden\" name=\"page_title\" value=\"\"><input type=\"hidden\" name=\"page_url\" value=\"https:\/\/www.hodofoto.cz\/index.php\/wp-json\/wp\/v2\/pages\/873\"><button type=\"submit\" name=\"wpforms[submit]\" id=\"wpforms-submit-77\" class=\"wpforms-submit\" data-alt-text=\"Odes\u00edl\u00e1n\u00ed...\" data-submit-text=\"Odeslat\" aria-live=\"assertive\" value=\"wpforms-submit\">Odeslat<\/button><\/div><\/form><\/div>  <!-- .wpforms-container -->\n","protected":false},"excerpt":{"rendered":"<p>Zachyt\u00edm v\u00fdjime\u010dn\u00e9 okam\u017eiky z Va\u0161\u00ed stavby, na kter\u00e9 chcete vzpom\u00ednat. M\u00fdm c\u00edlem je pro V\u00e1s vytvo\u0159it fotografie pln\u00e9 emoc\u00ed, l\u00e1sky, \u0161t\u011bst\u00ed a momentek na kter\u00e9 chcete m\u00edt pam\u00e1tku.&nbsp;Nab\u00edz\u00edm profesion\u00e1ln\u00ed a individu\u00e1ln\u00ed p\u0159\u00edstup.&nbsp; Nev\u00e1hejte m\u011b kontaktovat,<a class=\"read-more\" href=\"https:\/\/www.hodofoto.cz\/index.php\/portfolio\/svatby\/\">Continue reading<\/a><\/p>\n","protected":false},"author":1,"featured_media":0,"parent":50,"menu_order":0,"comment_status":"closed","ping_status":"closed","template":"page-templates\/page_fullwidth.php","meta":{"_exactmetrics_skip_tracking":false,"_exactmetrics_sitenote_active":false,"_exactmetrics_sitenote_note":"","_exactmetrics_sitenote_category":0,"ngg_post_thumbnail":0,"footnotes":""},"class_list":["post-873","page","type-page","status-publish","hentry"],"_links":{"self":[{"href":"https:\/\/www.hodofoto.cz\/index.php\/wp-json\/wp\/v2\/pages\/873","targetHints":{"allow":["GET"]}}],"collection":[{"href":"https:\/\/www.hodofoto.cz\/index.php\/wp-json\/wp\/v2\/pages"}],"about":[{"href":"https:\/\/www.hodofoto.cz\/index.php\/wp-json\/wp\/v2\/types\/page"}],"author":[{"embeddable":true,"href":"https:\/\/www.hodofoto.cz\/index.php\/wp-json\/wp\/v2\/users\/1"}],"replies":[{"embeddable":true,"href":"https:\/\/www.hodofoto.cz\/index.php\/wp-json\/wp\/v2\/comments?post=873"}],"version-history":[{"count":23,"href":"https:\/\/www.hodofoto.cz\/index.php\/wp-json\/wp\/v2\/pages\/873\/revisions"}],"predecessor-version":[{"id":2389,"href":"https:\/\/www.hodofoto.cz\/index.php\/wp-json\/wp\/v2\/pages\/873\/revisions\/2389"}],"up":[{"embeddable":true,"href":"https:\/\/www.hodofoto.cz\/index.php\/wp-json\/wp\/v2\/pages\/50"}],"wp:attachment":[{"href":"https:\/\/www.hodofoto.cz\/index.php\/wp-json\/wp\/v2\/media?parent=873"}],"curies":[{"name":"wp","href":"https:\/\/api.w.org\/{rel}","templated":true}]}}