{"id":2159,"date":"2020-04-29T11:45:21","date_gmt":"2020-04-29T11:45:21","guid":{"rendered":"http:\/\/www.hodofoto.cz\/?page_id=2159"},"modified":"2020-05-07T19:21:47","modified_gmt":"2020-05-07T19:21:47","slug":"prague-photo-walk","status":"publish","type":"page","link":"https:\/\/www.hodofoto.cz\/index.php\/portfolio\/prague-photo-walk\/","title":{"rendered":"Prague photo walk"},"content":{"rendered":"<p style=\"text-align: center;\">Focen\u00ed v pra\u017esk\u00fdch uli\u010dk\u00e1ch, nebo na Va\u0161em obl\u00edben\u00e9m m\u00edst\u011b. Fotografov\u00e1n\u00ed je tak spojen\u00e9 s p\u0159\u00edjemnou proch\u00e1zkou.<\/p>\n\n\nngg_shortcode_0_placeholder\n","protected":false},"excerpt":{"rendered":"<p>Focen\u00ed v pra\u017esk\u00fdch uli\u010dk\u00e1ch, nebo na Va\u0161em obl\u00edben\u00e9m m\u00edst\u011b. Fotografov\u00e1n\u00ed je tak spojen\u00e9 s p\u0159\u00edjemnou proch\u00e1zkou.<\/p>\n","protected":false},"author":1,"featured_media":0,"parent":50,"menu_order":0,"comment_status":"closed","ping_status":"closed","template":"page-templates\/page_fullwidth.php","meta":{"_exactmetrics_skip_tracking":false,"_exactmetrics_sitenote_active":false,"_exactmetrics_sitenote_note":"","_exactmetrics_sitenote_category":0,"ngg_post_thumbnail":0,"footnotes":""},"class_list":["post-2159","page","type-page","status-publish","hentry"],"_links":{"self":[{"href":"https:\/\/www.hodofoto.cz\/index.php\/wp-json\/wp\/v2\/pages\/2159","targetHints":{"allow":["GET"]}}],"collection":[{"href":"https:\/\/www.hodofoto.cz\/index.php\/wp-json\/wp\/v2\/pages"}],"about":[{"href":"https:\/\/www.hodofoto.cz\/index.php\/wp-json\/wp\/v2\/types\/page"}],"author":[{"embeddable":true,"href":"https:\/\/www.hodofoto.cz\/index.php\/wp-json\/wp\/v2\/users\/1"}],"replies":[{"embeddable":true,"href":"https:\/\/www.hodofoto.cz\/index.php\/wp-json\/wp\/v2\/comments?post=2159"}],"version-history":[{"count":10,"href":"https:\/\/www.hodofoto.cz\/index.php\/wp-json\/wp\/v2\/pages\/2159\/revisions"}],"predecessor-version":[{"id":2388,"href":"https:\/\/www.hodofoto.cz\/index.php\/wp-json\/wp\/v2\/pages\/2159\/revisions\/2388"}],"up":[{"embeddable":true,"href":"https:\/\/www.hodofoto.cz\/index.php\/wp-json\/wp\/v2\/pages\/50"}],"wp:attachment":[{"href":"https:\/\/www.hodofoto.cz\/index.php\/wp-json\/wp\/v2\/media?parent=2159"}],"curies":[{"name":"wp","href":"https:\/\/api.w.org\/{rel}","templated":true}]}}