{"id":1427,"date":"2018-10-12T13:26:02","date_gmt":"2018-10-12T13:26:02","guid":{"rendered":"http:\/\/www.hodofoto.cz\/?page_id=1427"},"modified":"2020-05-25T17:01:57","modified_gmt":"2020-05-25T17:01:57","slug":"o-mne","status":"publish","type":"page","link":"https:\/\/www.hodofoto.cz\/index.php\/o-mne\/","title":{"rendered":"O mn\u011b"},"content":{"rendered":"<p style=\"text-align: center;\">V\u00edt\u00e1m V\u00e1s na m\u00fdch str\u00e1nk\u00e1ch, jste tu spr\u00e1vn\u011b!<\/p>\n<p style=\"text-align: center;\">Jmenuji se Dominika Horsk\u00e1. M\u00e1 fotografick\u00e1 tvorba se nezam\u011b\u0159uje na jedin\u00fd styl, nejv\u00edce v\u0161ak fotografuji lifestyle, miminka, svatby, t\u011bhotensk\u00e9 fotografie, glamour, ale nebr\u00e1n\u00edm se i dal\u0161\u00edm v\u00fdzv\u00e1m. Jsem kreativn\u00ed a ke ka\u017ed\u00e9 pr\u00e1ci p\u0159istupuji nejen sv\u011bdomit\u011b, ale tak\u00e9 individu\u00e1ln\u011b.&nbsp;<\/p>\n<p style=\"text-align: center;\">K fotografov\u00e1n\u00ed jsem se dostala ji\u017e b\u011bhem studia grafick\u00e9ho designu na vysok\u00e9 \u0161kole. Od t\u00e9 doby se fotografov\u00e1n\u00ed stalo nejen mou v\u00e1\u0161n\u00ed, ale nejv\u011bt\u0161\u00edm kon\u00ed\u010dkem.<\/p>\n<p style=\"text-align: center;\">Pokud se V\u00e1m l\u00edb\u00ed moje tvorba, nev\u00e1hejte mne kontaktovat co nejd\u0159\u00edve a domluv\u00edme term\u00edn i Va\u0161eho focen\u00ed.&nbsp;<\/p>\n<blockquote>\n<p style=\"text-align: center;\"><strong>T\u011b\u0161\u00edm se na setk\u00e1n\u00ed s V\u00e1mi. Bude to HoDob\u00f3\u017eo!<\/strong><\/p>\n<p>&nbsp; &nbsp; &nbsp; &nbsp; &nbsp; &nbsp; &nbsp; &nbsp; &nbsp; &nbsp; &nbsp; &nbsp; &nbsp; &nbsp; &nbsp; &nbsp; &nbsp; &nbsp; &nbsp; &nbsp; &nbsp; &nbsp; &nbsp; &nbsp; &nbsp; &nbsp; &nbsp; &nbsp; &nbsp; &nbsp; &nbsp;&nbsp;<img loading=\"lazy\" decoding=\"async\" class=\"wp-image-2001 aligncenter\" src=\"http:\/\/www.hodofoto.cz\/wp-content\/uploads\/2018\/10\/IMG_5187.jpg\" alt=\"\" width=\"106\" height=\"141\" srcset=\"https:\/\/www.hodofoto.cz\/wp-content\/uploads\/2018\/10\/IMG_5187.jpg 2316w, https:\/\/www.hodofoto.cz\/wp-content\/uploads\/2018\/10\/IMG_5187-225x300.jpg 225w, https:\/\/www.hodofoto.cz\/wp-content\/uploads\/2018\/10\/IMG_5187-768x1024.jpg 768w, https:\/\/www.hodofoto.cz\/wp-content\/uploads\/2018\/10\/IMG_5187-700x933.jpg 700w, https:\/\/www.hodofoto.cz\/wp-content\/uploads\/2018\/10\/IMG_5187-520x693.jpg 520w, https:\/\/www.hodofoto.cz\/wp-content\/uploads\/2018\/10\/IMG_5187-740x987.jpg 740w\" sizes=\"auto, (max-width: 106px) 100vw, 106px\" \/><\/p><\/blockquote>\n<hr>\n<h3 style=\"text-align: center;\"><span style=\"color: #e6509b;\"><strong>Lid\u00e9 o HoDo foto napsali:&nbsp;<\/strong><\/span><\/h3>\n<ul>\n<li><b>Dana \u010cejkov\u00e1: <\/b>&#8222;Moc d\u011bkuji Dominice za kr\u00e1sn\u00e9 svatebn\u00ed fotky. V\u0161em v\u0159ele doporu\u010duji milou mladou profesion\u00e1lku.&#8220;<\/li>\n<\/ul>\n<p>&nbsp;<\/p>\n<ul>\n<li><strong>Simona H\u00fdro\u0161ov\u00e1:<\/strong> Dominika je velice sympatick\u00e1 a mil\u00e1 sle\u010dna, d\u011bkujeme za jej\u00ed ochotu, skv\u011bl\u00fd p\u0159\u00edstup, profesionalitu a samoz\u0159ejm\u011b kr\u00e1snou vzpom\u00ednku v podob\u011b opravdu poveden\u00fdch fotografi\u00ed <span class=\"_5mfr\"><span class=\"_6qdm\">\ud83d\ude0a<\/span><\/span>. V\u0161em ur\u010dit\u011b doporu\u010duji <span class=\"_5mfr\"><span class=\"_6qdm\">\ud83d\ude09<\/span><\/span>.<\/li>\n<\/ul>\n<p>&nbsp;<\/p>\n<ul>\n<li><strong>Lenka Dufkov\u00e1:&nbsp;<\/strong>Dominice d\u011bkuji za kr\u00e1sn\u00e9 svatebn\u00ed fotky a hlavn\u011b za trp\u011blivost, stra\u0161n\u011b nerada se fot\u00edm. D\u00edky!!!<\/li>\n<\/ul>\n<p>&nbsp;<\/p>\n<ul>\n<li><strong>Veronika B\u011bhunkov\u00e1: <\/strong>Super spolupr\u00e1ce a perfektn\u00ed fotky! Spokojenost <span class=\"_47e3 _5mfr\" title=\"Emotikona smile\"><img loading=\"lazy\" decoding=\"async\" class=\"img\" role=\"presentation\" src=\"https:\/\/static.xx.fbcdn.net\/images\/emoji.php\/v9\/teb\/2\/16\/1f642.png\" alt=\"\" width=\"16\" height=\"16\"><\/span><\/li>\n<\/ul>\n<p>&nbsp;<\/p>\n<ul>\n<li><b>Petra Vesel\u00e1:&nbsp;<\/b>&#8222;Dominika je p\u0159\u00e1telsk\u00e1 a profesion\u00e1ln\u00ed fotografka. Focen\u00ed jsem si moc u\u017eila a rozhodn\u011b doporu\u010duji i v\u0161em sv\u00fdm kamar\u00e1d\u016fm, aby vyu\u017eili slu\u017eby mlad\u00e9, kreativn\u00ed a talentovan\u00e9 fotografky.&#8220;<\/li>\n<\/ul>\n<p>&nbsp;<\/p>\n<ul>\n<li><strong>Petra N\u011bmcov\u00e1: <\/strong>\u00da\u017easn\u00e9 fotky \u00fa\u017easn\u00e1 spolupr\u00e1ce moc d\u011bkujeme.<\/li>\n<\/ul>\n<p>&nbsp;<\/p>\n<ul>\n<li><b>Dagmar B\u011bhunkov\u00e1:&nbsp;<\/b>&#8222;V\u0161echno moc kr\u00e1sn\u00e9 a profesion\u00e1ln\u00ed. Doporu\u010duji!&#8220;<\/li>\n<\/ul>\n<p>&nbsp;<\/p>\n<ul>\n<li><b>Aneta Hejrovsk\u00e1:&nbsp;<\/b>&#8222;Dom\u010da je profesion\u00e1l, pracovalo se mi s n\u00ed skv\u011ble a fotky jsou u\u017easn\u00e9!&#8220;<\/li>\n<\/ul>\n<hr>\n<p style=\"text-align: center;\">M\u016f\u017eete m\u011b sledovat taky na soci\u00e1ln\u00edch s\u00edt\u00edch &nbsp; &nbsp;<\/p>\n<p>&nbsp;<a href=\"https:\/\/www.facebook.com\/HorskaDominika\/\"><img loading=\"lazy\" decoding=\"async\" class=\"alignnone wp-image-1554 aligncenter\" src=\"http:\/\/www.hodofoto.cz\/wp-content\/uploads\/2018\/03\/facebook-2429746_1280-300x300.png\" alt=\"\" width=\"38\" height=\"38\" srcset=\"https:\/\/www.hodofoto.cz\/wp-content\/uploads\/2018\/03\/facebook-2429746_1280-300x300.png 300w, https:\/\/www.hodofoto.cz\/wp-content\/uploads\/2018\/03\/facebook-2429746_1280-150x150.png 150w, https:\/\/www.hodofoto.cz\/wp-content\/uploads\/2018\/03\/facebook-2429746_1280-768x768.png 768w, https:\/\/www.hodofoto.cz\/wp-content\/uploads\/2018\/03\/facebook-2429746_1280-700x700.png 700w, https:\/\/www.hodofoto.cz\/wp-content\/uploads\/2018\/03\/facebook-2429746_1280-520x520.png 520w, https:\/\/www.hodofoto.cz\/wp-content\/uploads\/2018\/03\/facebook-2429746_1280-740x740.png 740w, https:\/\/www.hodofoto.cz\/wp-content\/uploads\/2018\/03\/facebook-2429746_1280.png 1280w\" sizes=\"auto, (max-width: 38px) 100vw, 38px\" \/><\/a>&nbsp;<\/p>\n<p><a href=\"https:\/\/www.instagram.com\/hodo_foto\/\"><img loading=\"lazy\" decoding=\"async\" class=\"alignnone wp-image-1556 aligncenter\" src=\"http:\/\/www.hodofoto.cz\/wp-content\/uploads\/2018\/03\/new-Instagram-icon.png\" alt=\"\" width=\"43\" height=\"43\" srcset=\"https:\/\/www.hodofoto.cz\/wp-content\/uploads\/2018\/03\/new-Instagram-icon.png 192w, https:\/\/www.hodofoto.cz\/wp-content\/uploads\/2018\/03\/new-Instagram-icon-150x150.png 150w\" sizes=\"auto, (max-width: 43px) 100vw, 43px\" \/><\/a><\/p>\n","protected":false},"excerpt":{"rendered":"<p>V\u00edt\u00e1m V\u00e1s na m\u00fdch str\u00e1nk\u00e1ch, jste tu spr\u00e1vn\u011b! Jmenuji se Dominika Horsk\u00e1. M\u00e1 fotografick\u00e1 tvorba se nezam\u011b\u0159uje na jedin\u00fd styl, nejv\u00edce v\u0161ak fotografuji lifestyle, miminka, svatby, t\u011bhotensk\u00e9 fotografie, glamour, ale nebr\u00e1n\u00edm se i dal\u0161\u00edm v\u00fdzv\u00e1m.<a class=\"read-more\" href=\"https:\/\/www.hodofoto.cz\/index.php\/o-mne\/\">Continue reading<\/a><\/p>\n","protected":false},"author":1,"featured_media":0,"parent":0,"menu_order":2,"comment_status":"closed","ping_status":"closed","template":"page-templates\/page_fullwidth.php","meta":{"_exactmetrics_skip_tracking":false,"_exactmetrics_sitenote_active":false,"_exactmetrics_sitenote_note":"","_exactmetrics_sitenote_category":0,"ngg_post_thumbnail":0,"footnotes":""},"class_list":["post-1427","page","type-page","status-publish","hentry"],"_links":{"self":[{"href":"https:\/\/www.hodofoto.cz\/index.php\/wp-json\/wp\/v2\/pages\/1427","targetHints":{"allow":["GET"]}}],"collection":[{"href":"https:\/\/www.hodofoto.cz\/index.php\/wp-json\/wp\/v2\/pages"}],"about":[{"href":"https:\/\/www.hodofoto.cz\/index.php\/wp-json\/wp\/v2\/types\/page"}],"author":[{"embeddable":true,"href":"https:\/\/www.hodofoto.cz\/index.php\/wp-json\/wp\/v2\/users\/1"}],"replies":[{"embeddable":true,"href":"https:\/\/www.hodofoto.cz\/index.php\/wp-json\/wp\/v2\/comments?post=1427"}],"version-history":[{"count":15,"href":"https:\/\/www.hodofoto.cz\/index.php\/wp-json\/wp\/v2\/pages\/1427\/revisions"}],"predecessor-version":[{"id":2441,"href":"https:\/\/www.hodofoto.cz\/index.php\/wp-json\/wp\/v2\/pages\/1427\/revisions\/2441"}],"wp:attachment":[{"href":"https:\/\/www.hodofoto.cz\/index.php\/wp-json\/wp\/v2\/media?parent=1427"}],"curies":[{"name":"wp","href":"https:\/\/api.w.org\/{rel}","templated":true}]}}