{"id":1247,"date":"2018-09-13T10:15:09","date_gmt":"2018-09-13T10:15:09","guid":{"rendered":"http:\/\/www.hodofoto.cz\/?page_id=1247"},"modified":"2020-06-01T13:45:15","modified_gmt":"2020-06-01T13:45:15","slug":"atelier","status":"publish","type":"page","link":"https:\/\/www.hodofoto.cz\/index.php\/atelier\/","title":{"rendered":"Ateli\u00e9r"},"content":{"rendered":"<p style=\"text-align: center;\">Fotografick\u00fd ateli\u00e9r je profesion\u00e1ln\u011b vybaven pro fotografov\u00e1n\u00ed miminek, rodin, portr\u00e9t\u016f, stylu glamour a dal\u0161\u00ed.<\/p>\n<p style=\"text-align: center;\">V ateli\u00e9ru HoDo foto najdete r\u016fznorod\u00e1 fotopozad\u00ed a fotorekvizity, kter\u00e9 si b\u011bhem focen\u00ed m\u016f\u017eete zap\u016fj\u010dit. Fotodopl\u0148ky jsou pro miminka (\u0161ati\u010dky, \u010delenky, oble\u010dky, de\u010dky, k\u0159\u00eddla,.) i pro dosp\u011bl\u00e9 (velk\u00fd v\u00fdb\u011br bi\u017euterie a dopl\u0148k\u016f.) D\u00e1le jsou k dispozici nejen t\u011bhotensk\u00e9 \u0161aty, ale i m\u00f3dn\u00ed stylov\u00e9 oble\u010den\u00ed.&nbsp;<\/p>\n<p style=\"text-align: center;\">Ateli\u00e9r je tak\u00e9 vybaven beauty koutkem, s profesion\u00e1ln\u00ed kosmetikou pro r\u016fzn\u00e9 druhy pleti.<\/p>\nngg_shortcode_0_placeholder\n","protected":false},"excerpt":{"rendered":"<p>Fotografick\u00fd ateli\u00e9r je profesion\u00e1ln\u011b vybaven pro fotografov\u00e1n\u00ed miminek, rodin, portr\u00e9t\u016f, stylu glamour a dal\u0161\u00ed. V ateli\u00e9ru HoDo foto najdete r\u016fznorod\u00e1 fotopozad\u00ed a fotorekvizity, kter\u00e9 si b\u011bhem focen\u00ed m\u016f\u017eete zap\u016fj\u010dit. Fotodopl\u0148ky jsou pro miminka (\u0161ati\u010dky, \u010delenky,<a class=\"read-more\" href=\"https:\/\/www.hodofoto.cz\/index.php\/atelier\/\">Continue reading<\/a><\/p>\n","protected":false},"author":1,"featured_media":0,"parent":0,"menu_order":4,"comment_status":"closed","ping_status":"closed","template":"page-templates\/page_fullwidth.php","meta":{"_exactmetrics_skip_tracking":false,"_exactmetrics_sitenote_active":false,"_exactmetrics_sitenote_note":"","_exactmetrics_sitenote_category":0,"ngg_post_thumbnail":0,"footnotes":""},"class_list":["post-1247","page","type-page","status-publish","hentry"],"_links":{"self":[{"href":"https:\/\/www.hodofoto.cz\/index.php\/wp-json\/wp\/v2\/pages\/1247","targetHints":{"allow":["GET"]}}],"collection":[{"href":"https:\/\/www.hodofoto.cz\/index.php\/wp-json\/wp\/v2\/pages"}],"about":[{"href":"https:\/\/www.hodofoto.cz\/index.php\/wp-json\/wp\/v2\/types\/page"}],"author":[{"embeddable":true,"href":"https:\/\/www.hodofoto.cz\/index.php\/wp-json\/wp\/v2\/users\/1"}],"replies":[{"embeddable":true,"href":"https:\/\/www.hodofoto.cz\/index.php\/wp-json\/wp\/v2\/comments?post=1247"}],"version-history":[{"count":11,"href":"https:\/\/www.hodofoto.cz\/index.php\/wp-json\/wp\/v2\/pages\/1247\/revisions"}],"predecessor-version":[{"id":2402,"href":"https:\/\/www.hodofoto.cz\/index.php\/wp-json\/wp\/v2\/pages\/1247\/revisions\/2402"}],"wp:attachment":[{"href":"https:\/\/www.hodofoto.cz\/index.php\/wp-json\/wp\/v2\/media?parent=1247"}],"curies":[{"name":"wp","href":"https:\/\/api.w.org\/{rel}","templated":true}]}}